{"id":851,"date":"2020-10-05T21:47:17","date_gmt":"2020-10-05T19:47:17","guid":{"rendered":"http:\/\/martinebonamy.fr\/?page_id=851"},"modified":"2022-10-13T11:26:01","modified_gmt":"2022-10-13T09:26:01","slug":"citations","status":"publish","type":"page","link":"https:\/\/martinebonamy.fr\/?page_id=851","title":{"rendered":"Citations"},"content":{"rendered":"<div id='full_slider_1'  class='avia-fullwidth-slider main_color avia-shadow   avia-builder-el-0  el_before_av_blog  avia-builder-el-first   container_wrap sidebar_right' style=' '  ><div   data-size='featured'  data-lightbox_size='large'  data-animation='slide'  data-conditional_play=''  data-ids='599'  data-video_counter='0'  data-autoplay='false'  data-bg_slider='false'  data-slide_height=''  data-handle='av_slideshow_full'  data-interval='5'  data-class=' '  data-el_id=''  data-css_id=''  data-scroll_down=''  data-control_layout='av-control-default'  data-custom_markup=''  data-perma_caption='aviaTBperma_caption'  data-autoplay_stopper=''  data-image_attachment=''  data-min_height='0px'  data-lazy_loading='disabled'  data-src=''  data-position='top left'  data-repeat='no-repeat'  data-attach='scroll'  data-stretch=''  data-default-height='28.666666666667'  class='avia-slideshow avia-slideshow-1  av-control-default av-default-height-applied avia-slideshow-featured av_slideshow_full   avia-slide-slider '  itemprop=\"image\" itemscope=\"itemscope\" itemtype=\"https:\/\/schema.org\/ImageObject\" ><ul class='avia-slideshow-inner ' style='padding-bottom: 28.666666666667%;' ><li  class=' av-single-slide slide-1 ' ><div data-rel='slideshow-1' class='avia-slide-wrap '   ><img class=\"wp-image-599 avia-img-lazy-loading-not-599\"  src=\"https:\/\/martinebonamy.fr\/wp-content\/uploads\/2020\/10\/inspiration-Nicolas-de-Stael-1500x430.jpg\" width=\"1500\" height=\"430\" title='Inspiration Nicolas de Sta\u00ebl' alt=''  itemprop=\"thumbnailUrl\"   \/><\/div><\/li><\/ul><div class = \"caption_fullwidth av-slideshow-caption caption_center\"><div class = \"container caption_container\"><div class = \"slideshow_caption\"><div class = \"slideshow_inner_caption\"><div class = \"slideshow_align_caption\"><h2  style='font-size:60px; ' class='avia-caption-title  '  itemprop=\"name\" >Citations<\/h2><\/div><\/div><\/div><\/div><\/div><\/div><\/div><div id='after_full_slider_1'  class='main_color av_default_container_wrap container_wrap sidebar_right' style=' '  ><div class='container' ><div class='template-page content  av-content-small alpha units'><div class='post-entry post-entry-type-page post-entry-851'><div class='entry-content-wrapper clearfix'>\n<div  class='av-alb-blogposts template-blog  av-blog-meta-author-disabled av-blog-meta-category-disabled av-blog-meta-tag-disabled '  itemscope=\"itemscope\" itemtype=\"https:\/\/schema.org\/Blog\" ><article class='post-entry post-entry-type-standard post-entry-1043 post-loop-1 post-parity-odd single-big  post-1043 post type-post status-publish format-standard hentry category-citations'  itemscope=\"itemscope\" itemtype=\"https:\/\/schema.org\/BlogPosting\" ><div class='blog-meta'><\/div><div class='entry-content-wrapper clearfix standard-content'><header class=\"entry-content-header\"><div class=\"av-heading-wrapper\"><span class=\"blog-categories minor-meta\"><a href=\"https:\/\/martinebonamy.fr\/?cat=15\" rel=\"tag\">Citations<\/a> <\/span><h2 class='post-title entry-title '  itemprop=\"headline\" >\t<a href='https:\/\/martinebonamy.fr\/?p=1043' rel='bookmark' title='Lien permanent : JEANNE BENAMEUR (La patience des traces )'>JEANNE BENAMEUR (La patience des traces )\t\t\t<span class='post-format-icon minor-meta'><\/span>\t<\/a><\/h2><\/div><\/header><span class=\"av-vertical-delimiter\"><\/span><div class=\"entry-content\"  itemprop=\"text\" ><section class=\"av_textblock_section \"  itemscope=\"itemscope\" itemtype=\"https:\/\/schema.org\/BlogPosting\" ><div class='avia_textblock  '   itemprop=\"text\" ><p style=\"text-align: justify;\">\u00ab\u00a0Ne pas comprendre la langue d\u2019ici, ne pas pouvoir m\u00eame la lire, sans doute est-ce l\u00e0 qu\u2019est<br \/>\nl\u2019\u00e9tranget\u00e9 la plus intime. Et la paix. Aucune tentation de comprendre. Aucun sens \u00e0 chercher.<br \/>\nRien.<br \/>\nIl retrouve l\u2019\u00e9tat d\u2019avant l\u2019alphabet. C\u2019est ce qu\u2019il a toujours cherch\u00e9. Y compris en menant<br \/>\nces cures qui ont occup\u00e9 toute sa vie. Retrouver l\u2019\u00e9tat sauvage d\u2019avant l\u2019alphabet. Ce moment<br \/>\no\u00f9 la pens\u00e9e sait, d\u2019un savoir archa\u00efque, qu\u2019elle est du corps. Avant tout du corps. Il est en<br \/>\ntrain d\u2019en faire l\u2019exp\u00e9rience. Et il \u00e9prouve par son propre corps ce que c\u2019est. Un \u00e9tat pr\u00e9cieux.<br \/>\nCelui d\u2019avant toute chose d\u00e9sir\u00e9e. La matrice de tous les d\u00e9sirs, elle est l\u00e0.\u00a0\u00bb (p.70)<\/p>\n<p style=\"text-align: justify;\">Plus loin (p.113) propos de l\u2019art du \u00ab\u00a0kintsugi\u00a0\u00bb\u00a0 (kin c\u2019est l\u2019or, Tsugi, la jointure). \u00a0:<br \/>\n\u00ab\u00a0On ne cherche pas \u00e0 cacher la r\u00e9paration. Au contraire, on la recouvre de laque<br \/>\nd\u2019or. On est heureux de redonner vie \u00e0 ce qui \u00e9tait vou\u00e9 \u00e0 l\u2019an\u00e9antissement. On<br \/>\nmarque l\u2019empreinte de la brisure. On la montre. C\u2019est la nouvelle vie qui<br \/>\ncommence.\u00a0\u00bb<\/p>\n<div id=\"gtx-trans\" style=\"position: absolute; left: 1316px; top: -12.4062px;\">\n<div class=\"gtx-trans-icon\"><\/div>\n<\/div>\n<\/div><\/section>\n<\/div><span class='post-meta-infos'><time class='date-container minor-meta updated' >23 ao\u00fbt 2022<\/time><span class='text-sep text-sep-date'>\/<\/span><span class=\"blog-author minor-meta\">par <span class=\"entry-author-link\"  itemprop=\"author\" ><span class=\"author\"><span class=\"fn\"><a href=\"https:\/\/martinebonamy.fr\/?author=3\" title=\"Articles par Martine Bonamy\" rel=\"author\">Martine Bonamy<\/a><\/span><\/span><\/span><\/span><\/span><footer class=\"entry-footer\"><\/footer><div class='post_delimiter'><\/div><\/div><div class='post_author_timeline'><\/div><span class='hidden'>\n\t\t\t\t<span class='av-structured-data'  itemprop=\"image\" itemscope=\"itemscope\" itemtype=\"https:\/\/schema.org\/ImageObject\" >\n\t\t\t\t\t\t<span itemprop='url'><\/span>\n\t\t\t\t\t\t<span itemprop='height'>0<\/span>\n\t\t\t\t\t\t<span itemprop='width'>0<\/span>\n\t\t\t\t<\/span>\n\t\t\t\t<span class='av-structured-data'  itemprop=\"publisher\" itemtype=\"https:\/\/schema.org\/Organization\" itemscope=\"itemscope\" >\n\t\t\t\t\t\t<span itemprop='name'>Martine Bonamy<\/span>\n\t\t\t\t\t\t<span itemprop='logo' itemscope itemtype='https:\/\/schema.org\/ImageObject'>\n\t\t\t\t\t\t\t<span itemprop='url'><\/span>\n\t\t\t\t\t\t <\/span>\n\t\t\t\t<\/span><span class='av-structured-data'  itemprop=\"author\" itemscope=\"itemscope\" itemtype=\"https:\/\/schema.org\/Person\" ><span itemprop='name'>Martine Bonamy<\/span><\/span><span class='av-structured-data'  itemprop=\"datePublished\" datetime=\"2022-08-23T18:14:21+02:00\" >2022-08-23 18:14:21<\/span><span class='av-structured-data'  itemprop=\"dateModified\" itemtype=\"https:\/\/schema.org\/dateModified\" >2022-10-13 11:23:28<\/span><span class='av-structured-data'  itemprop=\"mainEntityOfPage\" itemtype=\"https:\/\/schema.org\/mainEntityOfPage\" ><span itemprop='name'>JEANNE BENAMEUR (La patience des traces )<\/span><\/span><\/span><\/article><article class='post-entry post-entry-type-standard post-entry-1042 post-loop-2 post-parity-even single-big  post-1042 post type-post status-publish format-standard hentry category-citations'  itemscope=\"itemscope\" itemtype=\"https:\/\/schema.org\/BlogPosting\" ><div class='blog-meta'><\/div><div class='entry-content-wrapper clearfix standard-content'><header class=\"entry-content-header\"><div class=\"av-heading-wrapper\"><span class=\"blog-categories minor-meta\"><a href=\"https:\/\/martinebonamy.fr\/?cat=15\" rel=\"tag\">Citations<\/a> <\/span><h2 class='post-title entry-title '  itemprop=\"headline\" >\t<a href='https:\/\/martinebonamy.fr\/?p=1042' rel='bookmark' title='Lien permanent : NICOLAS DE STA\u00cbL'>NICOLAS DE STA\u00cbL\t\t\t<span class='post-format-icon minor-meta'><\/span>\t<\/a><\/h2><\/div><\/header><span class=\"av-vertical-delimiter\"><\/span><div class=\"entry-content\"  itemprop=\"text\" ><section class=\"av_textblock_section \"  itemscope=\"itemscope\" itemtype=\"https:\/\/schema.org\/BlogPosting\" ><div class='avia_textblock  '   itemprop=\"text\" ><p style=\"text-align: justify;\">\u00ab L\u2019individu que je suis est fait de toutes les impressions re\u00e7ues du monde ext\u00e9rieur depuis et\u00a0avant ma naissance.\u00a0\u00bb<\/p>\n<\/div><\/section>\n<\/div><span class='post-meta-infos'><time class='date-container minor-meta updated' >23 ao\u00fbt 2022<\/time><span class='text-sep text-sep-date'>\/<\/span><span class=\"blog-author minor-meta\">par <span class=\"entry-author-link\"  itemprop=\"author\" ><span class=\"author\"><span class=\"fn\"><a href=\"https:\/\/martinebonamy.fr\/?author=3\" title=\"Articles par Martine Bonamy\" rel=\"author\">Martine Bonamy<\/a><\/span><\/span><\/span><\/span><\/span><footer class=\"entry-footer\"><\/footer><div class='post_delimiter'><\/div><\/div><div class='post_author_timeline'><\/div><span class='hidden'>\n\t\t\t\t<span class='av-structured-data'  itemprop=\"image\" itemscope=\"itemscope\" itemtype=\"https:\/\/schema.org\/ImageObject\" >\n\t\t\t\t\t\t<span itemprop='url'><\/span>\n\t\t\t\t\t\t<span itemprop='height'>0<\/span>\n\t\t\t\t\t\t<span itemprop='width'>0<\/span>\n\t\t\t\t<\/span>\n\t\t\t\t<span class='av-structured-data'  itemprop=\"publisher\" itemtype=\"https:\/\/schema.org\/Organization\" itemscope=\"itemscope\" >\n\t\t\t\t\t\t<span itemprop='name'>Martine Bonamy<\/span>\n\t\t\t\t\t\t<span itemprop='logo' itemscope itemtype='https:\/\/schema.org\/ImageObject'>\n\t\t\t\t\t\t\t<span itemprop='url'><\/span>\n\t\t\t\t\t\t <\/span>\n\t\t\t\t<\/span><span class='av-structured-data'  itemprop=\"author\" itemscope=\"itemscope\" itemtype=\"https:\/\/schema.org\/Person\" ><span itemprop='name'>Martine Bonamy<\/span><\/span><span class='av-structured-data'  itemprop=\"datePublished\" datetime=\"2022-08-23T18:08:34+02:00\" >2022-08-23 18:08:34<\/span><span class='av-structured-data'  itemprop=\"dateModified\" itemtype=\"https:\/\/schema.org\/dateModified\" >2022-10-13 11:23:39<\/span><span class='av-structured-data'  itemprop=\"mainEntityOfPage\" itemtype=\"https:\/\/schema.org\/mainEntityOfPage\" ><span itemprop='name'>NICOLAS DE STA\u00cbL<\/span><\/span><\/span><\/article><article class='post-entry post-entry-type-standard post-entry-1041 post-loop-3 post-parity-odd single-big  post-1041 post type-post status-publish format-standard hentry category-citations'  itemscope=\"itemscope\" itemtype=\"https:\/\/schema.org\/BlogPosting\" ><div class='blog-meta'><\/div><div class='entry-content-wrapper clearfix standard-content'><header class=\"entry-content-header\"><div class=\"av-heading-wrapper\"><span class=\"blog-categories minor-meta\"><a href=\"https:\/\/martinebonamy.fr\/?cat=15\" rel=\"tag\">Citations<\/a> <\/span><h2 class='post-title entry-title '  itemprop=\"headline\" >\t<a href='https:\/\/martinebonamy.fr\/?p=1041' rel='bookmark' title='Lien permanent : Fiodor Mikha\u00eflovitch\u00a0DOSTO\u00cfEVSKI'>Fiodor Mikha\u00eflovitch\u00a0DOSTO\u00cfEVSKI\t\t\t<span class='post-format-icon minor-meta'><\/span>\t<\/a><\/h2><\/div><\/header><span class=\"av-vertical-delimiter\"><\/span><div class=\"entry-content\"  itemprop=\"text\" ><section class=\"av_textblock_section \"  itemscope=\"itemscope\" itemtype=\"https:\/\/schema.org\/BlogPosting\" ><div class='avia_textblock  '   itemprop=\"text\" ><p style=\"text-align: justify;\">\u00ab\u00a0La tol\u00e9rance atteindra un tel niveau que les personnes intelligentes seront interdites de toute r\u00e9flexion afin de ne pas offenser les imb\u00e9ciles\u00a0\u00bb.<\/p>\n<\/div><\/section>\n<\/div><span class='post-meta-infos'><time class='date-container minor-meta updated' >23 ao\u00fbt 2022<\/time><span class='text-sep text-sep-date'>\/<\/span><span class=\"blog-author minor-meta\">par <span class=\"entry-author-link\"  itemprop=\"author\" ><span class=\"author\"><span class=\"fn\"><a href=\"https:\/\/martinebonamy.fr\/?author=3\" title=\"Articles par Martine Bonamy\" rel=\"author\">Martine Bonamy<\/a><\/span><\/span><\/span><\/span><\/span><footer class=\"entry-footer\"><\/footer><div class='post_delimiter'><\/div><\/div><div class='post_author_timeline'><\/div><span class='hidden'>\n\t\t\t\t<span class='av-structured-data'  itemprop=\"image\" itemscope=\"itemscope\" itemtype=\"https:\/\/schema.org\/ImageObject\" >\n\t\t\t\t\t\t<span itemprop='url'><\/span>\n\t\t\t\t\t\t<span itemprop='height'>0<\/span>\n\t\t\t\t\t\t<span itemprop='width'>0<\/span>\n\t\t\t\t<\/span>\n\t\t\t\t<span class='av-structured-data'  itemprop=\"publisher\" itemtype=\"https:\/\/schema.org\/Organization\" itemscope=\"itemscope\" >\n\t\t\t\t\t\t<span itemprop='name'>Martine Bonamy<\/span>\n\t\t\t\t\t\t<span itemprop='logo' itemscope itemtype='https:\/\/schema.org\/ImageObject'>\n\t\t\t\t\t\t\t<span itemprop='url'><\/span>\n\t\t\t\t\t\t <\/span>\n\t\t\t\t<\/span><span class='av-structured-data'  itemprop=\"author\" itemscope=\"itemscope\" itemtype=\"https:\/\/schema.org\/Person\" ><span itemprop='name'>Martine Bonamy<\/span><\/span><span class='av-structured-data'  itemprop=\"datePublished\" datetime=\"2022-08-23T18:04:00+02:00\" >2022-08-23 18:04:00<\/span><span class='av-structured-data'  itemprop=\"dateModified\" itemtype=\"https:\/\/schema.org\/dateModified\" >2022-10-13 11:23:48<\/span><span class='av-structured-data'  itemprop=\"mainEntityOfPage\" itemtype=\"https:\/\/schema.org\/mainEntityOfPage\" ><span itemprop='name'>Fiodor Mikha\u00eflovitch\u00a0DOSTO\u00cfEVSKI<\/span><\/span><\/span><\/article><article class='post-entry post-entry-type-standard post-entry-981 post-loop-4 post-parity-even single-big  post-981 post type-post status-publish format-standard hentry category-citations'  itemscope=\"itemscope\" itemtype=\"https:\/\/schema.org\/BlogPosting\" ><div class='blog-meta'><\/div><div class='entry-content-wrapper clearfix standard-content'><header class=\"entry-content-header\"><div class=\"av-heading-wrapper\"><span class=\"blog-categories minor-meta\"><a href=\"https:\/\/martinebonamy.fr\/?cat=15\" rel=\"tag\">Citations<\/a> <\/span><h2 class='post-title entry-title '  itemprop=\"headline\" >\t<a href='https:\/\/martinebonamy.fr\/?p=981' rel='bookmark' title='Lien permanent : Martine Bonamy'>Martine Bonamy\t\t\t<span class='post-format-icon minor-meta'><\/span>\t<\/a><\/h2><\/div><\/header><span class=\"av-vertical-delimiter\"><\/span><div class=\"entry-content\"  itemprop=\"text\" ><p>\u00ab\u00a0L&rsquo;\u00e9thique invite chacun et chacune \u00e0 devenir l&rsquo;artiste des traces in\u00e9dites de son existence.\u00a0\u00bb<\/p>\n<\/div><span class='post-meta-infos'><time class='date-container minor-meta updated' >20 septembre 2021<\/time><span class='text-sep text-sep-date'>\/<\/span><span class=\"blog-author minor-meta\">par <span class=\"entry-author-link\"  itemprop=\"author\" ><span class=\"author\"><span class=\"fn\"><a href=\"https:\/\/martinebonamy.fr\/?author=3\" title=\"Articles par Martine Bonamy\" rel=\"author\">Martine Bonamy<\/a><\/span><\/span><\/span><\/span><\/span><footer class=\"entry-footer\"><\/footer><div class='post_delimiter'><\/div><\/div><div class='post_author_timeline'><\/div><span class='hidden'>\n\t\t\t\t<span class='av-structured-data'  itemprop=\"image\" itemscope=\"itemscope\" itemtype=\"https:\/\/schema.org\/ImageObject\" >\n\t\t\t\t\t\t<span itemprop='url'><\/span>\n\t\t\t\t\t\t<span itemprop='height'>0<\/span>\n\t\t\t\t\t\t<span itemprop='width'>0<\/span>\n\t\t\t\t<\/span>\n\t\t\t\t<span class='av-structured-data'  itemprop=\"publisher\" itemtype=\"https:\/\/schema.org\/Organization\" itemscope=\"itemscope\" >\n\t\t\t\t\t\t<span itemprop='name'>Martine Bonamy<\/span>\n\t\t\t\t\t\t<span itemprop='logo' itemscope itemtype='https:\/\/schema.org\/ImageObject'>\n\t\t\t\t\t\t\t<span itemprop='url'><\/span>\n\t\t\t\t\t\t <\/span>\n\t\t\t\t<\/span><span class='av-structured-data'  itemprop=\"author\" itemscope=\"itemscope\" itemtype=\"https:\/\/schema.org\/Person\" ><span itemprop='name'>Martine Bonamy<\/span><\/span><span class='av-structured-data'  itemprop=\"datePublished\" datetime=\"2021-09-20T16:30:46+02:00\" >2021-09-20 16:30:46<\/span><span class='av-structured-data'  itemprop=\"dateModified\" itemtype=\"https:\/\/schema.org\/dateModified\" >2022-10-13 11:24:27<\/span><span class='av-structured-data'  itemprop=\"mainEntityOfPage\" itemtype=\"https:\/\/schema.org\/mainEntityOfPage\" ><span itemprop='name'>Martine Bonamy<\/span><\/span><\/span><\/article><article class='post-entry post-entry-type-standard post-entry-960 post-loop-5 post-parity-odd single-big  post-960 post type-post status-publish format-standard hentry category-citations'  itemscope=\"itemscope\" itemtype=\"https:\/\/schema.org\/BlogPosting\" ><div class='blog-meta'><\/div><div class='entry-content-wrapper clearfix standard-content'><header class=\"entry-content-header\"><div class=\"av-heading-wrapper\"><span class=\"blog-categories minor-meta\"><a href=\"https:\/\/martinebonamy.fr\/?cat=15\" rel=\"tag\">Citations<\/a> <\/span><h2 class='post-title entry-title '  itemprop=\"headline\" >\t<a href='https:\/\/martinebonamy.fr\/?p=960' rel='bookmark' title='Lien permanent : Yves Saint Laurent'>Yves Saint Laurent\t\t\t<span class='post-format-icon minor-meta'><\/span>\t<\/a><\/h2><\/div><\/header><span class=\"av-vertical-delimiter\"><\/span><div class=\"entry-content\"  itemprop=\"text\" ><p>\u00ab\u00a0Le plus beau v\u00eatement qui puisse habiller une femme, ce sont les bras de l&rsquo;homme qu&rsquo;elle aime&#8230;.\u00a0\u00bb<\/p>\n<\/div><span class='post-meta-infos'><time class='date-container minor-meta updated' >27 octobre 2020<\/time><span class='text-sep text-sep-date'>\/<\/span><span class=\"blog-author minor-meta\">par <span class=\"entry-author-link\"  itemprop=\"author\" ><span class=\"author\"><span class=\"fn\"><a href=\"https:\/\/martinebonamy.fr\/?author=3\" title=\"Articles par Martine Bonamy\" rel=\"author\">Martine Bonamy<\/a><\/span><\/span><\/span><\/span><\/span><footer class=\"entry-footer\"><\/footer><div class='post_delimiter'><\/div><\/div><div class='post_author_timeline'><\/div><span class='hidden'>\n\t\t\t\t<span class='av-structured-data'  itemprop=\"image\" itemscope=\"itemscope\" itemtype=\"https:\/\/schema.org\/ImageObject\" >\n\t\t\t\t\t\t<span itemprop='url'><\/span>\n\t\t\t\t\t\t<span itemprop='height'>0<\/span>\n\t\t\t\t\t\t<span itemprop='width'>0<\/span>\n\t\t\t\t<\/span>\n\t\t\t\t<span class='av-structured-data'  itemprop=\"publisher\" itemtype=\"https:\/\/schema.org\/Organization\" itemscope=\"itemscope\" >\n\t\t\t\t\t\t<span itemprop='name'>Martine Bonamy<\/span>\n\t\t\t\t\t\t<span itemprop='logo' itemscope itemtype='https:\/\/schema.org\/ImageObject'>\n\t\t\t\t\t\t\t<span itemprop='url'><\/span>\n\t\t\t\t\t\t <\/span>\n\t\t\t\t<\/span><span class='av-structured-data'  itemprop=\"author\" itemscope=\"itemscope\" itemtype=\"https:\/\/schema.org\/Person\" ><span itemprop='name'>Martine Bonamy<\/span><\/span><span class='av-structured-data'  itemprop=\"datePublished\" datetime=\"2020-10-27T10:48:20+01:00\" >2020-10-27 10:48:20<\/span><span class='av-structured-data'  itemprop=\"dateModified\" itemtype=\"https:\/\/schema.org\/dateModified\" >2022-10-13 11:24:38<\/span><span class='av-structured-data'  itemprop=\"mainEntityOfPage\" itemtype=\"https:\/\/schema.org\/mainEntityOfPage\" ><span itemprop='name'>Yves Saint Laurent<\/span><\/span><\/span><\/article><article class='post-entry post-entry-type-standard post-entry-959 post-loop-6 post-parity-even post-entry-last single-big  post-959 post type-post status-publish format-standard hentry category-citations'  itemscope=\"itemscope\" itemtype=\"https:\/\/schema.org\/BlogPosting\" ><div class='blog-meta'><\/div><div class='entry-content-wrapper clearfix standard-content'><header class=\"entry-content-header\"><div class=\"av-heading-wrapper\"><span class=\"blog-categories minor-meta\"><a href=\"https:\/\/martinebonamy.fr\/?cat=15\" rel=\"tag\">Citations<\/a> <\/span><h2 class='post-title entry-title '  itemprop=\"headline\" >\t<a href='https:\/\/martinebonamy.fr\/?p=959' rel='bookmark' title='Lien permanent : Michel Audiard'>Michel Audiard\t\t\t<span class='post-format-icon minor-meta'><\/span>\t<\/a><\/h2><\/div><\/header><span class=\"av-vertical-delimiter\"><\/span><div class=\"entry-content\"  itemprop=\"text\" >\n<p><\/p>\n\n\n<p>\u00ab\u00a0Bienheureux les f\u00eal\u00e9s car ils laisseront passer la lumi\u00e8re.\u00a0\u00bb<\/p>\n<\/div><span class='post-meta-infos'><time class='date-container minor-meta updated' >22 octobre 2020<\/time><span class='text-sep text-sep-date'>\/<\/span><span class=\"blog-author minor-meta\">par <span class=\"entry-author-link\"  itemprop=\"author\" ><span class=\"author\"><span class=\"fn\"><a href=\"https:\/\/martinebonamy.fr\/?author=3\" title=\"Articles par Martine Bonamy\" rel=\"author\">Martine Bonamy<\/a><\/span><\/span><\/span><\/span><\/span><footer class=\"entry-footer\"><\/footer><div class='post_delimiter'><\/div><\/div><div class='post_author_timeline'><\/div><span class='hidden'>\n\t\t\t\t<span class='av-structured-data'  itemprop=\"image\" itemscope=\"itemscope\" itemtype=\"https:\/\/schema.org\/ImageObject\" >\n\t\t\t\t\t\t<span itemprop='url'><\/span>\n\t\t\t\t\t\t<span itemprop='height'>0<\/span>\n\t\t\t\t\t\t<span itemprop='width'>0<\/span>\n\t\t\t\t<\/span>\n\t\t\t\t<span class='av-structured-data'  itemprop=\"publisher\" itemtype=\"https:\/\/schema.org\/Organization\" itemscope=\"itemscope\" >\n\t\t\t\t\t\t<span itemprop='name'>Martine Bonamy<\/span>\n\t\t\t\t\t\t<span itemprop='logo' itemscope itemtype='https:\/\/schema.org\/ImageObject'>\n\t\t\t\t\t\t\t<span itemprop='url'><\/span>\n\t\t\t\t\t\t <\/span>\n\t\t\t\t<\/span><span class='av-structured-data'  itemprop=\"author\" itemscope=\"itemscope\" itemtype=\"https:\/\/schema.org\/Person\" ><span itemprop='name'>Martine Bonamy<\/span><\/span><span class='av-structured-data'  itemprop=\"datePublished\" datetime=\"2020-10-22T08:21:33+02:00\" >2020-10-22 08:21:33<\/span><span class='av-structured-data'  itemprop=\"dateModified\" itemtype=\"https:\/\/schema.org\/dateModified\" >2022-10-13 11:23:07<\/span><span class='av-structured-data'  itemprop=\"mainEntityOfPage\" itemtype=\"https:\/\/schema.org\/mainEntityOfPage\" ><span itemprop='name'>Michel Audiard<\/span><\/span><\/span><\/article><div class='single-big'><\/div><\/div>\n","protected":false},"excerpt":{"rendered":"","protected":false},"author":2,"featured_media":0,"parent":0,"menu_order":0,"comment_status":"closed","ping_status":"closed","template":"","meta":[],"_links":{"self":[{"href":"https:\/\/martinebonamy.fr\/index.php?rest_route=\/wp\/v2\/pages\/851"}],"collection":[{"href":"https:\/\/martinebonamy.fr\/index.php?rest_route=\/wp\/v2\/pages"}],"about":[{"href":"https:\/\/martinebonamy.fr\/index.php?rest_route=\/wp\/v2\/types\/page"}],"author":[{"embeddable":true,"href":"https:\/\/martinebonamy.fr\/index.php?rest_route=\/wp\/v2\/users\/2"}],"replies":[{"embeddable":true,"href":"https:\/\/martinebonamy.fr\/index.php?rest_route=%2Fwp%2Fv2%2Fcomments&post=851"}],"version-history":[{"count":2,"href":"https:\/\/martinebonamy.fr\/index.php?rest_route=\/wp\/v2\/pages\/851\/revisions"}],"predecessor-version":[{"id":1058,"href":"https:\/\/martinebonamy.fr\/index.php?rest_route=\/wp\/v2\/pages\/851\/revisions\/1058"}],"wp:attachment":[{"href":"https:\/\/martinebonamy.fr\/index.php?rest_route=%2Fwp%2Fv2%2Fmedia&parent=851"}],"curies":[{"name":"wp","href":"https:\/\/api.w.org\/{rel}","templated":true}]}}