{"id":714,"date":"2020-10-04T22:04:51","date_gmt":"2020-10-04T20:04:51","guid":{"rendered":"http:\/\/martinebonamy.fr\/?page_id=714"},"modified":"2021-09-28T11:08:31","modified_gmt":"2021-09-28T09:08:31","slug":"valse-des-vases","status":"publish","type":"page","link":"https:\/\/martinebonamy.fr\/?page_id=714","title":{"rendered":"Valse des vases"},"content":{"rendered":"<div id='full_slider_1'  class='avia-fullwidth-slider main_color avia-shadow   avia-builder-el-0  el_before_av_textblock  avia-builder-el-first   container_wrap sidebar_right' style=' '  ><div   data-size='featured'  data-lightbox_size='large'  data-animation='slide'  data-conditional_play=''  data-ids='717'  data-video_counter='0'  data-autoplay='false'  data-bg_slider='false'  data-slide_height=''  data-handle='av_slideshow_full'  data-interval='5'  data-class=' '  data-el_id=''  data-css_id=''  data-scroll_down=''  data-control_layout='av-control-default'  data-custom_markup=''  data-perma_caption='aviaTBperma_caption'  data-autoplay_stopper=''  data-image_attachment=''  data-min_height='0px'  data-lazy_loading='disabled'  data-src=''  data-position='top left'  data-repeat='no-repeat'  data-attach='scroll'  data-stretch=''  data-default-height='28.666666666667'  class='avia-slideshow avia-slideshow-1  av-control-default av-default-height-applied avia-slideshow-featured av_slideshow_full   avia-slide-slider '  itemprop=\"image\" itemscope=\"itemscope\" itemtype=\"https:\/\/schema.org\/ImageObject\" ><ul class='avia-slideshow-inner ' style='padding-bottom: 28.666666666667%;' ><li  class=' av-single-slide slide-1 ' ><div data-rel='slideshow-1' class='avia-slide-wrap '   ><img class=\"wp-image-717 avia-img-lazy-loading-not-717\"  src=\"https:\/\/martinebonamy.fr\/wp-content\/uploads\/2020\/10\/vases-communicant-1500x430.jpg\" width=\"1500\" height=\"430\" title='Vases communicant' alt=''  itemprop=\"thumbnailUrl\"   \/><\/div><\/li><\/ul><div class = \"caption_fullwidth av-slideshow-caption caption_center\"><div class = \"container caption_container\"><div class = \"slideshow_caption\"><div class = \"slideshow_inner_caption\"><div class = \"slideshow_align_caption\"><h2  style='font-size:60px; ' class='avia-caption-title  '  itemprop=\"name\" >Valse des vases<\/h2><\/div><\/div><\/div><\/div><\/div><\/div><\/div><div id='after_full_slider_1'  class='main_color av_default_container_wrap container_wrap sidebar_right' style=' '  ><div class='container' ><div class='template-page content  av-content-small alpha units'><div class='post-entry post-entry-type-page post-entry-714'><div class='entry-content-wrapper clearfix'>\n<section class=\"av_textblock_section \"  itemscope=\"itemscope\" itemtype=\"https:\/\/schema.org\/CreativeWork\" ><div class='avia_textblock  '   itemprop=\"text\" ><h3 style=\"text-align: center;\"><strong>Les vases, en leur c\u0153ur, accueillent et restent fragiles<\/strong><\/h3>\n<\/div><\/section>\n<div  style='height:70px' class='hr hr-invisible   avia-builder-el-2  el_after_av_textblock  el_before_av_textblock '><span class='hr-inner ' ><span class='hr-inner-style'><\/span><\/span><\/div>\n<section class=\"av_textblock_section \"  itemscope=\"itemscope\" itemtype=\"https:\/\/schema.org\/CreativeWork\" ><div class='avia_textblock  '   itemprop=\"text\" ><h2 style=\"text-align: center;\"><em><strong>Le vase bris\u00e9<\/strong><\/em><\/h2>\n<h3 style=\"text-align: center;\"><strong>Le vase o\u00f9 meurt cette verveine<\/strong><br \/>\n<strong> D\u2019un coup d\u2019\u00e9ventail fut f\u00eal\u00e9<\/strong><br \/>\n<strong> Le coup dut l\u2019effleurer \u00e0 peine<\/strong><br \/>\n<strong> Aucun bruit ne l\u2019a r\u00e9v\u00e9l\u00e9.<\/strong><\/h3>\n<h3 style=\"text-align: center;\"><strong>Mais la l\u00e9g\u00e8re meurtrissure,<\/strong><br \/>\n<strong> Mordant le cristal chaque jour,<\/strong><br \/>\n<strong> D\u2019une marche invisible et s\u00fbre<\/strong><br \/>\n<strong> En a fait lentement le tour.<\/strong><\/h3>\n<h3 style=\"text-align: center;\"><strong>Son eau fra\u00eeche a fui goutte \u00e0 goutte,<\/strong><br \/>\n<strong> Le suc des fleurs s\u2019est \u00e9puis\u00e9<\/strong><br \/>\n<strong> Personne encore ne s\u2019en doute<\/strong><br \/>\n<strong> N\u2019y touchez pas, il est bris\u00e9.<\/strong><\/h3>\n<h3 style=\"text-align: center;\"><strong>Souvent aussi la main qu\u2019on aime,<\/strong><br \/>\n<strong> Effleurant le coeur, le meurtrit<\/strong><br \/>\n<strong> Puis le coeur se fend de lui-m\u00eame,<\/strong><br \/>\n<strong> La fleur de son amour p\u00e9rit<\/strong><\/h3>\n<h3 style=\"text-align: center;\"><strong>Toujours intact aux yeux du monde,<\/strong><br \/>\n<strong> Il sent cro\u00eetre et pleurer tout bas<\/strong><br \/>\n<strong> Sa blessure fine et profonde<\/strong><br \/>\n<strong> Il est bris\u00e9, n\u2019y touchez pas.<\/strong><\/h3>\n<h3 style=\"text-align: center;\"><strong>Ren\u00e9-Fran\u00e7ois Sully Prudhomme, <em>Stances et po\u00e8mes, 1865<\/em><\/strong><\/h3>\n<\/div><\/section>\n<div  class='avia-gallery  avia-gallery-1 deactivate_avia_lazyload avia-gallery-animate avia_animate_when_visible  avia-builder-el-4  el_after_av_textblock  avia-builder-el-last '  itemprop=\"image\" itemscope=\"itemscope\" itemtype=\"https:\/\/schema.org\/ImageObject\" ><div class='avia-gallery-thumb'> <a href='https:\/\/martinebonamy.fr\/wp-content\/uploads\/2020\/10\/ouverture-e1603306855751-853x1030.jpg' data-rel='gallery-1' data-prev-img='https:\/\/martinebonamy.fr\/wp-content\/uploads\/2020\/10\/ouverture-e1603306855751-495x400.jpg' class='first_thumb lightbox ' data-onclick='1' title=''  itemprop=\"thumbnailUrl\"  ><img class=\"wp-image-715 avia-img-lazy-loading-not-715\"   src=\"https:\/\/martinebonamy.fr\/wp-content\/uploads\/2020\/10\/ouverture-e1603306855751-495x400.jpg\" width=\"495\" height=\"400\"  title='Ouverrture' alt='' srcset=\"https:\/\/martinebonamy.fr\/wp-content\/uploads\/2020\/10\/ouverture-e1603306855751-495x400.jpg 495w, https:\/\/martinebonamy.fr\/wp-content\/uploads\/2020\/10\/ouverture-e1603306855751-845x684.jpg 845w\" sizes=\"(max-width: 495px) 100vw, 495px\" \/><\/a> <a href='https:\/\/martinebonamy.fr\/wp-content\/uploads\/2020\/10\/terre-et-verre-1030x1019.jpg' data-rel='gallery-1' data-prev-img='https:\/\/martinebonamy.fr\/wp-content\/uploads\/2020\/10\/terre-et-verre-495x400.jpg' class='lightbox ' data-onclick='2' title=''  itemprop=\"thumbnailUrl\"  ><img class=\"wp-image-716 avia-img-lazy-loading-not-716\"   src=\"https:\/\/martinebonamy.fr\/wp-content\/uploads\/2020\/10\/terre-et-verre-495x400.jpg\" width=\"495\" height=\"400\"  title='Terre et verre' alt='' srcset=\"https:\/\/martinebonamy.fr\/wp-content\/uploads\/2020\/10\/terre-et-verre-495x400.jpg 495w, https:\/\/martinebonamy.fr\/wp-content\/uploads\/2020\/10\/terre-et-verre-845x684.jpg 845w\" sizes=\"(max-width: 495px) 100vw, 495px\" \/><\/a> <a href='https:\/\/martinebonamy.fr\/wp-content\/uploads\/2020\/10\/vases-communicant-513x1030.jpg' data-rel='gallery-1' data-prev-img='https:\/\/martinebonamy.fr\/wp-content\/uploads\/2020\/10\/vases-communicant-495x400.jpg' class='lightbox ' data-onclick='3' title=''  itemprop=\"thumbnailUrl\"  ><img class=\"wp-image-717 avia-img-lazy-loading-not-717\"   src=\"https:\/\/martinebonamy.fr\/wp-content\/uploads\/2020\/10\/vases-communicant-495x400.jpg\" width=\"495\" height=\"400\"  title='Vases communicant' alt='' srcset=\"https:\/\/martinebonamy.fr\/wp-content\/uploads\/2020\/10\/vases-communicant-495x400.jpg 495w, https:\/\/martinebonamy.fr\/wp-content\/uploads\/2020\/10\/vases-communicant-845x684.jpg 845w\" sizes=\"(max-width: 495px) 100vw, 495px\" \/><\/a> <a href='https:\/\/martinebonamy.fr\/wp-content\/uploads\/2020\/10\/carafes-813x1030.jpg' data-rel='gallery-1' data-prev-img='https:\/\/martinebonamy.fr\/wp-content\/uploads\/2020\/10\/carafes-495x400.jpg' class='lightbox ' data-onclick='4' title=''  itemprop=\"thumbnailUrl\"  ><img class=\"wp-image-718 avia-img-lazy-loading-not-718\"   src=\"https:\/\/martinebonamy.fr\/wp-content\/uploads\/2020\/10\/carafes-495x400.jpg\" width=\"495\" height=\"400\"  title='Carafes' alt='' srcset=\"https:\/\/martinebonamy.fr\/wp-content\/uploads\/2020\/10\/carafes-495x400.jpg 495w, https:\/\/martinebonamy.fr\/wp-content\/uploads\/2020\/10\/carafes-845x684.jpg 845w\" sizes=\"(max-width: 495px) 100vw, 495px\" \/><\/a> <a href='https:\/\/martinebonamy.fr\/wp-content\/uploads\/2020\/10\/jeu-de-bleus-1030x697.jpg' data-rel='gallery-1' data-prev-img='https:\/\/martinebonamy.fr\/wp-content\/uploads\/2020\/10\/jeu-de-bleus-495x400.jpg' class='lightbox ' data-onclick='5' title=''  itemprop=\"thumbnailUrl\"  ><img class=\"wp-image-719 avia-img-lazy-loading-not-719\"   src=\"https:\/\/martinebonamy.fr\/wp-content\/uploads\/2020\/10\/jeu-de-bleus-495x400.jpg\" width=\"495\" height=\"400\"  title='Jeu de bleue' alt='' srcset=\"https:\/\/martinebonamy.fr\/wp-content\/uploads\/2020\/10\/jeu-de-bleus-495x400.jpg 495w, https:\/\/martinebonamy.fr\/wp-content\/uploads\/2020\/10\/jeu-de-bleus-845x684.jpg 845w\" sizes=\"(max-width: 495px) 100vw, 495px\" \/><\/a><\/div><\/div>\n","protected":false},"excerpt":{"rendered":"","protected":false},"author":2,"featured_media":0,"parent":0,"menu_order":0,"comment_status":"closed","ping_status":"closed","template":"","meta":[],"_links":{"self":[{"href":"https:\/\/martinebonamy.fr\/index.php?rest_route=\/wp\/v2\/pages\/714"}],"collection":[{"href":"https:\/\/martinebonamy.fr\/index.php?rest_route=\/wp\/v2\/pages"}],"about":[{"href":"https:\/\/martinebonamy.fr\/index.php?rest_route=\/wp\/v2\/types\/page"}],"author":[{"embeddable":true,"href":"https:\/\/martinebonamy.fr\/index.php?rest_route=\/wp\/v2\/users\/2"}],"replies":[{"embeddable":true,"href":"https:\/\/martinebonamy.fr\/index.php?rest_route=%2Fwp%2Fv2%2Fcomments&post=714"}],"version-history":[{"count":7,"href":"https:\/\/martinebonamy.fr\/index.php?rest_route=\/wp\/v2\/pages\/714\/revisions"}],"predecessor-version":[{"id":987,"href":"https:\/\/martinebonamy.fr\/index.php?rest_route=\/wp\/v2\/pages\/714\/revisions\/987"}],"wp:attachment":[{"href":"https:\/\/martinebonamy.fr\/index.php?rest_route=%2Fwp%2Fv2%2Fmedia&parent=714"}],"curies":[{"name":"wp","href":"https:\/\/api.w.org\/{rel}","templated":true}]}}