{"id":689,"date":"2020-10-04T21:55:17","date_gmt":"2020-10-04T19:55:17","guid":{"rendered":"http:\/\/martinebonamy.fr\/?page_id=689"},"modified":"2020-10-09T23:08:09","modified_gmt":"2020-10-09T21:08:09","slug":"musique","status":"publish","type":"page","link":"https:\/\/martinebonamy.fr\/?page_id=689","title":{"rendered":"Musique"},"content":{"rendered":"<div id='full_slider_1'  class='avia-fullwidth-slider main_color avia-shadow   avia-builder-el-0  el_before_av_textblock  avia-builder-el-first   container_wrap sidebar_right' style=' '  ><div   data-size='featured'  data-lightbox_size='large'  data-animation='slide'  data-conditional_play=''  data-ids='692'  data-video_counter='0'  data-autoplay='false'  data-bg_slider='false'  data-slide_height=''  data-handle='av_slideshow_full'  data-interval='5'  data-class=' '  data-el_id=''  data-css_id=''  data-scroll_down=''  data-control_layout='av-control-default'  data-custom_markup=''  data-perma_caption='aviaTBperma_caption'  data-autoplay_stopper=''  data-image_attachment=''  data-min_height='0px'  data-lazy_loading='disabled'  data-src=''  data-position='top left'  data-repeat='no-repeat'  data-attach='scroll'  data-stretch=''  data-default-height='28.666666666667'  class='avia-slideshow avia-slideshow-1  av-control-default av-default-height-applied avia-slideshow-featured av_slideshow_full   avia-slide-slider '  itemprop=\"image\" itemscope=\"itemscope\" itemtype=\"https:\/\/schema.org\/ImageObject\" ><ul class='avia-slideshow-inner ' style='padding-bottom: 28.666666666667%;' ><li  class=' av-single-slide slide-1 ' ><div data-rel='slideshow-1' class='avia-slide-wrap '   ><img class=\"wp-image-692 avia-img-lazy-loading-not-692\"  src=\"https:\/\/martinebonamy.fr\/wp-content\/uploads\/2020\/10\/musique-de-chambre-1500x430.jpg\" width=\"1500\" height=\"430\" title='Musique de chambre' alt=''  itemprop=\"thumbnailUrl\"   \/><\/div><\/li><\/ul><div class = \"caption_fullwidth av-slideshow-caption caption_center\"><div class = \"container caption_container\"><div class = \"slideshow_caption\"><div class = \"slideshow_inner_caption\"><div class = \"slideshow_align_caption\"><h2  style='font-size:60px; ' class='avia-caption-title  '  itemprop=\"name\" >Musique<\/h2><\/div><\/div><\/div><\/div><\/div><\/div><\/div><div id='after_full_slider_1'  class='main_color av_default_container_wrap container_wrap sidebar_right' style=' '  ><div class='container' ><div class='template-page content  av-content-small alpha units'><div class='post-entry post-entry-type-page post-entry-689'><div class='entry-content-wrapper clearfix'>\n<section class=\"av_textblock_section \"  itemscope=\"itemscope\" itemtype=\"https:\/\/schema.org\/CreativeWork\" ><div class='avia_textblock  '   itemprop=\"text\" ><h3 style=\"text-align: center;\">Ma grand-m\u00e8re maternelle que je n\u2019ai pas connue \u00e9tait violoncelliste<br \/>\nMa m\u00e8re jouait du piano \u2026..\u2026\u2026..<br \/>\nJ\u2019ai toujours \u00e9t\u00e9 fascin\u00e9e par les instruments de musique et leurs vibrations d\u00e8s lors qu\u2019une main virtuose les faisait r\u00e9sonner.<br \/>\nEcho d\u2019une r\u00e9sonance int\u00e9rieure bien avant la parole.<\/h3>\n<\/div><\/section>\n<div  class='avia-gallery  avia-gallery-1 deactivate_avia_lazyload avia-gallery-animate avia_animate_when_visible  avia-builder-el-2  el_after_av_textblock  avia-builder-el-last '  itemprop=\"image\" itemscope=\"itemscope\" itemtype=\"https:\/\/schema.org\/ImageObject\" ><div class='avia-gallery-thumb'> <a href='https:\/\/martinebonamy.fr\/wp-content\/uploads\/2020\/10\/symphonie-251x1030.jpg' data-rel='gallery-1' data-prev-img='https:\/\/martinebonamy.fr\/wp-content\/uploads\/2020\/10\/symphonie-495x400.jpg' class='first_thumb lightbox ' data-onclick='1' title=''  itemprop=\"thumbnailUrl\"  ><img class=\"wp-image-690 avia-img-lazy-loading-not-690\"   src=\"https:\/\/martinebonamy.fr\/wp-content\/uploads\/2020\/10\/symphonie-495x400.jpg\" width=\"495\" height=\"400\"  title='Symphonie' alt='' srcset=\"https:\/\/martinebonamy.fr\/wp-content\/uploads\/2020\/10\/symphonie-495x400.jpg 495w, https:\/\/martinebonamy.fr\/wp-content\/uploads\/2020\/10\/symphonie-845x684.jpg 845w\" sizes=\"(max-width: 495px) 100vw, 495px\" \/><\/a> <a href='https:\/\/martinebonamy.fr\/wp-content\/uploads\/2020\/10\/violoncelle-et-mandoline-695x1030.jpg' data-rel='gallery-1' data-prev-img='https:\/\/martinebonamy.fr\/wp-content\/uploads\/2020\/10\/violoncelle-et-mandoline-495x400.jpg' class='lightbox ' data-onclick='2' title=''  itemprop=\"thumbnailUrl\"  ><img class=\"wp-image-691 avia-img-lazy-loading-not-691\"   src=\"https:\/\/martinebonamy.fr\/wp-content\/uploads\/2020\/10\/violoncelle-et-mandoline-495x400.jpg\" width=\"495\" height=\"400\"  title='Violoncelle et mandoline' alt='' srcset=\"https:\/\/martinebonamy.fr\/wp-content\/uploads\/2020\/10\/violoncelle-et-mandoline-495x400.jpg 495w, https:\/\/martinebonamy.fr\/wp-content\/uploads\/2020\/10\/violoncelle-et-mandoline-845x684.jpg 845w\" sizes=\"(max-width: 495px) 100vw, 495px\" \/><\/a> <a href='https:\/\/martinebonamy.fr\/wp-content\/uploads\/2020\/10\/musique-de-chambre-515x1030.jpg' data-rel='gallery-1' data-prev-img='https:\/\/martinebonamy.fr\/wp-content\/uploads\/2020\/10\/musique-de-chambre-495x400.jpg' class='lightbox ' data-onclick='3' title=''  itemprop=\"thumbnailUrl\"  ><img class=\"wp-image-692 avia-img-lazy-loading-not-692\"   src=\"https:\/\/martinebonamy.fr\/wp-content\/uploads\/2020\/10\/musique-de-chambre-495x400.jpg\" width=\"495\" height=\"400\"  title='Musique de chambre' alt='' srcset=\"https:\/\/martinebonamy.fr\/wp-content\/uploads\/2020\/10\/musique-de-chambre-495x400.jpg 495w, https:\/\/martinebonamy.fr\/wp-content\/uploads\/2020\/10\/musique-de-chambre-845x684.jpg 845w\" sizes=\"(max-width: 495px) 100vw, 495px\" \/><\/a><\/div><\/div>\n","protected":false},"excerpt":{"rendered":"","protected":false},"author":2,"featured_media":0,"parent":0,"menu_order":0,"comment_status":"closed","ping_status":"closed","template":"","meta":[],"_links":{"self":[{"href":"https:\/\/martinebonamy.fr\/index.php?rest_route=\/wp\/v2\/pages\/689"}],"collection":[{"href":"https:\/\/martinebonamy.fr\/index.php?rest_route=\/wp\/v2\/pages"}],"about":[{"href":"https:\/\/martinebonamy.fr\/index.php?rest_route=\/wp\/v2\/types\/page"}],"author":[{"embeddable":true,"href":"https:\/\/martinebonamy.fr\/index.php?rest_route=\/wp\/v2\/users\/2"}],"replies":[{"embeddable":true,"href":"https:\/\/martinebonamy.fr\/index.php?rest_route=%2Fwp%2Fv2%2Fcomments&post=689"}],"version-history":[{"count":3,"href":"https:\/\/martinebonamy.fr\/index.php?rest_route=\/wp\/v2\/pages\/689\/revisions"}],"predecessor-version":[{"id":887,"href":"https:\/\/martinebonamy.fr\/index.php?rest_route=\/wp\/v2\/pages\/689\/revisions\/887"}],"wp:attachment":[{"href":"https:\/\/martinebonamy.fr\/index.php?rest_route=%2Fwp%2Fv2%2Fmedia&parent=689"}],"curies":[{"name":"wp","href":"https:\/\/api.w.org\/{rel}","templated":true}]}}