{"id":679,"date":"2020-10-04T21:32:57","date_gmt":"2020-10-04T19:32:57","guid":{"rendered":"http:\/\/martinebonamy.fr\/?page_id=679"},"modified":"2020-10-21T19:41:37","modified_gmt":"2020-10-21T17:41:37","slug":"etudes-visages","status":"publish","type":"page","link":"https:\/\/martinebonamy.fr\/?page_id=679","title":{"rendered":"Etudes visages"},"content":{"rendered":"<div id='full_slider_1'  class='avia-fullwidth-slider main_color avia-shadow   avia-builder-el-0  el_before_av_textblock  avia-builder-el-first   container_wrap sidebar_right' style=' '  ><div   data-size='featured'  data-lightbox_size='large'  data-animation='slide'  data-conditional_play=''  data-ids='682'  data-video_counter='0'  data-autoplay='false'  data-bg_slider='false'  data-slide_height=''  data-handle='av_slideshow_full'  data-interval='5'  data-class=' '  data-el_id=''  data-css_id=''  data-scroll_down=''  data-control_layout='av-control-default'  data-custom_markup=''  data-perma_caption='aviaTBperma_caption'  data-autoplay_stopper=''  data-image_attachment=''  data-min_height='0px'  data-lazy_loading='disabled'  data-src=''  data-position='top left'  data-repeat='no-repeat'  data-attach='scroll'  data-stretch=''  data-default-height='28.666666666667'  class='avia-slideshow avia-slideshow-1  av-control-default av-default-height-applied avia-slideshow-featured av_slideshow_full   avia-slide-slider '  itemprop=\"image\" itemscope=\"itemscope\" itemtype=\"https:\/\/schema.org\/ImageObject\" ><ul class='avia-slideshow-inner ' style='padding-bottom: 28.666666666667%;' ><li  class=' av-single-slide slide-1 ' ><div data-rel='slideshow-1' class='avia-slide-wrap '   ><img class=\"wp-image-682 avia-img-lazy-loading-not-682\"  src=\"https:\/\/martinebonamy.fr\/wp-content\/uploads\/2020\/10\/3-1500x430.jpg\" width=\"1500\" height=\"430\" title='' alt=''  itemprop=\"thumbnailUrl\"   \/><\/div><\/li><\/ul><div class = \"caption_fullwidth av-slideshow-caption caption_center\"><div class = \"container caption_container\"><div class = \"slideshow_caption\"><div class = \"slideshow_inner_caption\"><div class = \"slideshow_align_caption\"><h2  style='font-size:60px; ' class='avia-caption-title  '  itemprop=\"name\" >Etudes visages<\/h2><\/div><\/div><\/div><\/div><\/div><\/div><\/div><div id='after_full_slider_1'  class='main_color av_default_container_wrap container_wrap sidebar_right' style=' '  ><div class='container' ><div class='template-page content  av-content-small alpha units'><div class='post-entry post-entry-type-page post-entry-679'><div class='entry-content-wrapper clearfix'>\n<section class=\"av_textblock_section \"  itemscope=\"itemscope\" itemtype=\"https:\/\/schema.org\/CreativeWork\" ><div class='avia_textblock  '   itemprop=\"text\" ><h3 style=\"text-align: center;\">Le visage porte la trace d\u2019un invisible, marque de l\u2019alt\u00e9rit\u00e9 qui fonde l\u2019humain.<br \/>\nIl nous convoque en un lieu \u00e9thique d\u2019o\u00f9 peut surgir une certaine beaut\u00e9 int\u00e9rieure d\u00e9pouill\u00e9e de qu\u00eate narcissique.<\/h3>\n<\/div><\/section>\n<div  class='avia-gallery  avia-gallery-1 deactivate_avia_lazyload avia-gallery-animate avia_animate_when_visible  avia-builder-el-2  el_after_av_textblock  avia-builder-el-last '  itemprop=\"image\" itemscope=\"itemscope\" itemtype=\"https:\/\/schema.org\/ImageObject\" ><div class='avia-gallery-thumb'> <a href='https:\/\/martinebonamy.fr\/wp-content\/uploads\/2020\/10\/1-1-740x1030.jpg' data-rel='gallery-1' data-prev-img='https:\/\/martinebonamy.fr\/wp-content\/uploads\/2020\/10\/1-1-495x400.jpg' class='first_thumb lightbox ' data-onclick='1' title=''  itemprop=\"thumbnailUrl\"  ><img class=\"wp-image-680 avia-img-lazy-loading-not-680\"   src=\"https:\/\/martinebonamy.fr\/wp-content\/uploads\/2020\/10\/1-1-495x400.jpg\" width=\"495\" height=\"400\"  title='' alt='' srcset=\"https:\/\/martinebonamy.fr\/wp-content\/uploads\/2020\/10\/1-1-495x400.jpg 495w, https:\/\/martinebonamy.fr\/wp-content\/uploads\/2020\/10\/1-1-845x684.jpg 845w\" sizes=\"(max-width: 495px) 100vw, 495px\" \/><\/a> <a href='https:\/\/martinebonamy.fr\/wp-content\/uploads\/2020\/10\/2-1-755x1030.jpg' data-rel='gallery-1' data-prev-img='https:\/\/martinebonamy.fr\/wp-content\/uploads\/2020\/10\/2-1-495x400.jpg' class='lightbox ' data-onclick='2' title=''  itemprop=\"thumbnailUrl\"  ><img class=\"wp-image-681 avia-img-lazy-loading-not-681\"   src=\"https:\/\/martinebonamy.fr\/wp-content\/uploads\/2020\/10\/2-1-495x400.jpg\" width=\"495\" height=\"400\"  title='' alt='' srcset=\"https:\/\/martinebonamy.fr\/wp-content\/uploads\/2020\/10\/2-1-495x400.jpg 495w, https:\/\/martinebonamy.fr\/wp-content\/uploads\/2020\/10\/2-1-845x684.jpg 845w\" sizes=\"(max-width: 495px) 100vw, 495px\" \/><\/a> <a href='https:\/\/martinebonamy.fr\/wp-content\/uploads\/2020\/10\/3-774x1030.jpg' data-rel='gallery-1' data-prev-img='https:\/\/martinebonamy.fr\/wp-content\/uploads\/2020\/10\/3-495x400.jpg' class='lightbox ' data-onclick='3' title=''  itemprop=\"thumbnailUrl\"  ><img class=\"wp-image-682 avia-img-lazy-loading-not-682\"   src=\"https:\/\/martinebonamy.fr\/wp-content\/uploads\/2020\/10\/3-495x400.jpg\" width=\"495\" height=\"400\"  title='' alt='' srcset=\"https:\/\/martinebonamy.fr\/wp-content\/uploads\/2020\/10\/3-495x400.jpg 495w, https:\/\/martinebonamy.fr\/wp-content\/uploads\/2020\/10\/3-845x684.jpg 845w\" sizes=\"(max-width: 495px) 100vw, 495px\" \/><\/a><\/div><\/div>\n","protected":false},"excerpt":{"rendered":"","protected":false},"author":2,"featured_media":0,"parent":0,"menu_order":0,"comment_status":"closed","ping_status":"closed","template":"","meta":[],"_links":{"self":[{"href":"https:\/\/martinebonamy.fr\/index.php?rest_route=\/wp\/v2\/pages\/679"}],"collection":[{"href":"https:\/\/martinebonamy.fr\/index.php?rest_route=\/wp\/v2\/pages"}],"about":[{"href":"https:\/\/martinebonamy.fr\/index.php?rest_route=\/wp\/v2\/types\/page"}],"author":[{"embeddable":true,"href":"https:\/\/martinebonamy.fr\/index.php?rest_route=\/wp\/v2\/users\/2"}],"replies":[{"embeddable":true,"href":"https:\/\/martinebonamy.fr\/index.php?rest_route=%2Fwp%2Fv2%2Fcomments&post=679"}],"version-history":[{"count":3,"href":"https:\/\/martinebonamy.fr\/index.php?rest_route=\/wp\/v2\/pages\/679\/revisions"}],"predecessor-version":[{"id":889,"href":"https:\/\/martinebonamy.fr\/index.php?rest_route=\/wp\/v2\/pages\/679\/revisions\/889"}],"wp:attachment":[{"href":"https:\/\/martinebonamy.fr\/index.php?rest_route=%2Fwp%2Fv2%2Fmedia&parent=679"}],"curies":[{"name":"wp","href":"https:\/\/api.w.org\/{rel}","templated":true}]}}