{"id":541,"date":"2020-09-04T13:17:02","date_gmt":"2020-09-04T11:17:02","guid":{"rendered":"http:\/\/martinebonamy.fr\/?page_id=541"},"modified":"2021-09-16T10:43:18","modified_gmt":"2021-09-16T08:43:18","slug":"chaos","status":"publish","type":"page","link":"https:\/\/martinebonamy.fr\/?page_id=541","title":{"rendered":"Chaos"},"content":{"rendered":"<div id='full_slider_1'  class='avia-fullwidth-slider main_color avia-shadow   avia-builder-el-0  el_before_av_textblock  avia-builder-el-first   container_wrap sidebar_right' style=' '  ><div   data-size='featured'  data-lightbox_size='large'  data-animation='slide'  data-conditional_play=''  data-ids='635'  data-video_counter='0'  data-autoplay='false'  data-bg_slider='false'  data-slide_height=''  data-handle='av_slideshow_full'  data-interval='5'  data-class=' '  data-el_id=''  data-css_id=''  data-scroll_down=''  data-control_layout='av-control-default'  data-custom_markup=''  data-perma_caption='aviaTBperma_caption'  data-autoplay_stopper=''  data-image_attachment=''  data-min_height='0px'  data-lazy_loading='disabled'  data-src=''  data-position='top left'  data-repeat='no-repeat'  data-attach='scroll'  data-stretch=''  data-default-height='28.666666666667'  class='avia-slideshow avia-slideshow-1  av-control-default av-default-height-applied avia-slideshow-featured av_slideshow_full   avia-slide-slider '  itemprop=\"image\" itemscope=\"itemscope\" itemtype=\"https:\/\/schema.org\/ImageObject\" ><ul class='avia-slideshow-inner ' style='padding-bottom: 28.666666666667%;' ><li  class=' av-single-slide slide-1 ' ><div data-rel='slideshow-1' class='avia-slide-wrap '   ><img class=\"wp-image-635 avia-img-lazy-loading-not-635\"  src=\"https:\/\/martinebonamy.fr\/wp-content\/uploads\/2020\/10\/corps-1-1500x430.jpg\" width=\"1500\" height=\"430\" title='Corps' alt=''  itemprop=\"thumbnailUrl\"   \/><\/div><\/li><\/ul><div class = \"caption_fullwidth av-slideshow-caption caption_center\"><div class = \"container caption_container\"><div class = \"slideshow_caption\"><div class = \"slideshow_inner_caption\"><div class = \"slideshow_align_caption\"><h2  style='font-size:60px; ' class='avia-caption-title  '  itemprop=\"name\" >Chaos<\/h2><\/div><\/div><\/div><\/div><\/div><\/div><\/div><div id='after_full_slider_1'  class='main_color av_default_container_wrap container_wrap sidebar_right' style=' '  ><div class='container' ><div class='template-page content  av-content-small alpha units'><div class='post-entry post-entry-type-page post-entry-541'><div class='entry-content-wrapper clearfix'>\n<section class=\"av_textblock_section \"  itemscope=\"itemscope\" itemtype=\"https:\/\/schema.org\/CreativeWork\" ><div class='avia_textblock  '   itemprop=\"text\" ><h3 style=\"text-align: center;\">Ce mot d\u00e9riv\u00e9 du verbe grec signifiant \u00ab \u00eatre b\u00e9ant, s\u2019ouvrir \u00bb, d\u00e9signe, selon Pierre Grimal \u00ab le vide primordial, ant\u00e9rieur \u00e0 la cr\u00e9ation \u00bb<\/h3>\n<h3 style=\"text-align: center;\">Le vide est \u00e0 l\u2019origine du mouvement, du devenir<\/h3>\n<h3 style=\"text-align: center;\">Nous devenons sujet de notre destin \u00e0 partir d\u2019un R\u00e9el\u00a0qui nous \u00e9chappe.<\/h3>\n<\/div><\/section>\n<div  class='avia-gallery  avia-gallery-1 deactivate_avia_lazyload avia-gallery-animate avia_animate_when_visible  avia-builder-el-2  el_after_av_textblock  avia-builder-el-last '  itemprop=\"image\" itemscope=\"itemscope\" itemtype=\"https:\/\/schema.org\/ImageObject\" ><div class='avia-gallery-thumb'> <a href='https:\/\/martinebonamy.fr\/wp-content\/uploads\/2020\/10\/1-1030x773.jpg' data-rel='gallery-1' data-prev-img='https:\/\/martinebonamy.fr\/wp-content\/uploads\/2020\/10\/1-495x400.jpg' class='first_thumb lightbox ' data-onclick='1' title=''  itemprop=\"thumbnailUrl\"  ><img class=\"wp-image-633 avia-img-lazy-loading-not-633\"   src=\"https:\/\/martinebonamy.fr\/wp-content\/uploads\/2020\/10\/1-495x400.jpg\" width=\"495\" height=\"400\"  title='Corps' alt='' srcset=\"https:\/\/martinebonamy.fr\/wp-content\/uploads\/2020\/10\/1-495x400.jpg 495w, https:\/\/martinebonamy.fr\/wp-content\/uploads\/2020\/10\/1-845x684.jpg 845w\" sizes=\"(max-width: 495px) 100vw, 495px\" \/><\/a> <a href='https:\/\/martinebonamy.fr\/wp-content\/uploads\/2020\/10\/2-1030x735.jpg' data-rel='gallery-1' data-prev-img='https:\/\/martinebonamy.fr\/wp-content\/uploads\/2020\/10\/2-495x400.jpg' class='lightbox ' data-onclick='2' title=''  itemprop=\"thumbnailUrl\"  ><img class=\"wp-image-634 avia-img-lazy-loading-not-634\"   src=\"https:\/\/martinebonamy.fr\/wp-content\/uploads\/2020\/10\/2-495x400.jpg\" width=\"495\" height=\"400\"  title='Chaos' alt='' srcset=\"https:\/\/martinebonamy.fr\/wp-content\/uploads\/2020\/10\/2-495x400.jpg 495w, https:\/\/martinebonamy.fr\/wp-content\/uploads\/2020\/10\/2-845x684.jpg 845w\" sizes=\"(max-width: 495px) 100vw, 495px\" \/><\/a> <a href='https:\/\/martinebonamy.fr\/wp-content\/uploads\/2020\/10\/corps-1-716x1030.jpg' data-rel='gallery-1' data-prev-img='https:\/\/martinebonamy.fr\/wp-content\/uploads\/2020\/10\/corps-1-495x400.jpg' class='lightbox ' data-onclick='3' title=''  itemprop=\"thumbnailUrl\"  ><img class=\"wp-image-635 avia-img-lazy-loading-not-635\"   src=\"https:\/\/martinebonamy.fr\/wp-content\/uploads\/2020\/10\/corps-1-495x400.jpg\" width=\"495\" height=\"400\"  title='Corps' alt='' srcset=\"https:\/\/martinebonamy.fr\/wp-content\/uploads\/2020\/10\/corps-1-495x400.jpg 495w, https:\/\/martinebonamy.fr\/wp-content\/uploads\/2020\/10\/corps-1-845x684.jpg 845w\" sizes=\"(max-width: 495px) 100vw, 495px\" \/><\/a> <a href='https:\/\/martinebonamy.fr\/wp-content\/uploads\/2020\/10\/corps-2-819x1030.jpg' data-rel='gallery-1' data-prev-img='https:\/\/martinebonamy.fr\/wp-content\/uploads\/2020\/10\/corps-2-495x400.jpg' class='lightbox ' data-onclick='4' title=''  itemprop=\"thumbnailUrl\"  ><img class=\"wp-image-636 avia-img-lazy-loading-not-636\"   src=\"https:\/\/martinebonamy.fr\/wp-content\/uploads\/2020\/10\/corps-2-495x400.jpg\" width=\"495\" height=\"400\"  title='' alt='' srcset=\"https:\/\/martinebonamy.fr\/wp-content\/uploads\/2020\/10\/corps-2-495x400.jpg 495w, https:\/\/martinebonamy.fr\/wp-content\/uploads\/2020\/10\/corps-2-845x684.jpg 845w\" sizes=\"(max-width: 495px) 100vw, 495px\" \/><\/a> <a href='https:\/\/martinebonamy.fr\/wp-content\/uploads\/2020\/10\/monde-marin-1030x773.jpg' data-rel='gallery-1' data-prev-img='https:\/\/martinebonamy.fr\/wp-content\/uploads\/2020\/10\/monde-marin-495x400.jpg' class='lightbox ' data-onclick='5' title=''  itemprop=\"thumbnailUrl\"  ><img class=\"wp-image-637 avia-img-lazy-loading-not-637\"   src=\"https:\/\/martinebonamy.fr\/wp-content\/uploads\/2020\/10\/monde-marin-495x400.jpg\" width=\"495\" height=\"400\"  title='Monde marin' alt='' srcset=\"https:\/\/martinebonamy.fr\/wp-content\/uploads\/2020\/10\/monde-marin-495x400.jpg 495w, https:\/\/martinebonamy.fr\/wp-content\/uploads\/2020\/10\/monde-marin-845x684.jpg 845w\" sizes=\"(max-width: 495px) 100vw, 495px\" \/><\/a> <a href='https:\/\/martinebonamy.fr\/wp-content\/uploads\/2020\/10\/nature-773x1030.jpg' data-rel='gallery-1' data-prev-img='https:\/\/martinebonamy.fr\/wp-content\/uploads\/2020\/10\/nature-495x400.jpg' class='first_thumb lightbox ' data-onclick='6' title=''  itemprop=\"thumbnailUrl\"  ><img class=\"wp-image-638 avia-img-lazy-loading-not-638\"   src=\"https:\/\/martinebonamy.fr\/wp-content\/uploads\/2020\/10\/nature-495x400.jpg\" width=\"495\" height=\"400\"  title='Nature' alt='' srcset=\"https:\/\/martinebonamy.fr\/wp-content\/uploads\/2020\/10\/nature-495x400.jpg 495w, https:\/\/martinebonamy.fr\/wp-content\/uploads\/2020\/10\/nature-845x684.jpg 845w\" sizes=\"(max-width: 495px) 100vw, 495px\" \/><\/a><\/div><\/div>\n","protected":false},"excerpt":{"rendered":"","protected":false},"author":2,"featured_media":0,"parent":0,"menu_order":0,"comment_status":"closed","ping_status":"closed","template":"","meta":[],"_links":{"self":[{"href":"https:\/\/martinebonamy.fr\/index.php?rest_route=\/wp\/v2\/pages\/541"}],"collection":[{"href":"https:\/\/martinebonamy.fr\/index.php?rest_route=\/wp\/v2\/pages"}],"about":[{"href":"https:\/\/martinebonamy.fr\/index.php?rest_route=\/wp\/v2\/types\/page"}],"author":[{"embeddable":true,"href":"https:\/\/martinebonamy.fr\/index.php?rest_route=\/wp\/v2\/users\/2"}],"replies":[{"embeddable":true,"href":"https:\/\/martinebonamy.fr\/index.php?rest_route=%2Fwp%2Fv2%2Fcomments&post=541"}],"version-history":[{"count":6,"href":"https:\/\/martinebonamy.fr\/index.php?rest_route=\/wp\/v2\/pages\/541\/revisions"}],"predecessor-version":[{"id":974,"href":"https:\/\/martinebonamy.fr\/index.php?rest_route=\/wp\/v2\/pages\/541\/revisions\/974"}],"wp:attachment":[{"href":"https:\/\/martinebonamy.fr\/index.php?rest_route=%2Fwp%2Fv2%2Fmedia&parent=541"}],"curies":[{"name":"wp","href":"https:\/\/api.w.org\/{rel}","templated":true}]}}