{"id":1016,"date":"2021-09-29T16:02:33","date_gmt":"2021-09-29T14:02:33","guid":{"rendered":"http:\/\/martinebonamy.fr\/?page_id=1016"},"modified":"2021-09-29T16:04:35","modified_gmt":"2021-09-29T14:04:35","slug":"commentaires","status":"publish","type":"page","link":"https:\/\/martinebonamy.fr\/?page_id=1016","title":{"rendered":"Commentaires"},"content":{"rendered":"<div id='full_slider_1'  class='avia-fullwidth-slider main_color avia-shadow   avia-builder-el-0  el_before_av_one_full  avia-builder-el-first   container_wrap sidebar_right' style=' '  ><div   data-size='featured'  data-lightbox_size='large'  data-animation='slide'  data-conditional_play=''  data-ids='952'  data-video_counter='0'  data-autoplay='false'  data-bg_slider='false'  data-slide_height=''  data-handle='av_slideshow_full'  data-interval='5'  data-class=' '  data-el_id=''  data-css_id=''  data-scroll_down=''  data-control_layout='av-control-default'  data-custom_markup=''  data-perma_caption='aviaTBperma_caption'  data-autoplay_stopper=''  data-image_attachment=''  data-min_height='0px'  data-lazy_loading='disabled'  data-src=''  data-position='top left'  data-repeat='no-repeat'  data-attach='scroll'  data-stretch=''  data-default-height='28.666666666667'  class='avia-slideshow avia-slideshow-1  av-control-default av-default-height-applied avia-slideshow-featured av_slideshow_full   avia-slide-slider '  itemprop=\"image\" itemscope=\"itemscope\" itemtype=\"https:\/\/schema.org\/ImageObject\" ><ul class='avia-slideshow-inner ' style='padding-bottom: 28.666666666667%;' ><li  class=' av-single-slide slide-1 ' ><div data-rel='slideshow-1' class='avia-slide-wrap '   ><img class=\"wp-image-952 avia-img-lazy-loading-not-952\"  src=\"https:\/\/martinebonamy.fr\/wp-content\/uploads\/2020\/10\/Exode-1-1500x430.jpg\" width=\"1500\" height=\"430\" title='Pr\u00e9sence' alt=''  itemprop=\"thumbnailUrl\"   \/><\/div><\/li><\/ul><div class = \"caption_fullwidth av-slideshow-caption caption_center\"><div class = \"container caption_container\"><div class = \"slideshow_caption\"><div class = \"slideshow_inner_caption\"><div class = \"slideshow_align_caption\"><h2  style='font-size:60px; ' class='avia-caption-title  '  itemprop=\"name\" >Commentaires<\/h2><\/div><\/div><\/div><\/div><\/div><\/div><\/div><div id='after_full_slider_1'  class='main_color av_default_container_wrap container_wrap sidebar_right' style=' '  ><div class='container' ><div class='template-page content  av-content-small alpha units'><div class='post-entry post-entry-type-page post-entry-1016'><div class='entry-content-wrapper clearfix'>\n<div class=\"flex_column av_one_full  flex_column_div av-zero-column-padding first  avia-builder-el-1  el_after_av_slideshow_full  avia-builder-el-no-sibling  \" style='border-radius:0px; '><div   data-autoplay='1'  data-interval='5'  data-animation='fade'  data-hoverpause='1'  class='avia-testimonial-wrapper avia-grid-testimonials avia-grid-3-testimonials avia_animate_when_almost_visible  av-minimal-grid-style av-boxed-grid-style '>\n<section class ='avia-testimonial-row'><div class='avia-testimonial av_one_third flex_column no_margin avia-testimonial-row-1 avia-first-testimonial' ><div class='avia-testimonial_inner'  itemscope=\"itemscope\" itemtype=\"https:\/\/schema.org\/CreativeWork\" ><div class='avia-testimonial-content '  ><div class='avia-testimonial-markup-entry-content'  itemprop=\"text\" ><p style=\"text-align: justify;\">Quant \u00e0 la plong\u00e9e en peinture tu en reviens avec une lumi\u00e8re qui ouvre l\u2019espace aux grands voiliers de nos fantasmes!<\/p>\n<\/div><\/div><div class='avia-testimonial-meta'><div class='avia-testimonial-arrow-wrap'><div class='avia-arrow'><\/div><\/div><div class='avia-testimonial-meta-mini'  itemprop=\"author\" itemscope=\"itemscope\" itemtype=\"https:\/\/schema.org\/Person\" ><strong  class='avia-testimonial-name'    itemprop=\"name\" >Jean-Jacques Leconte  (le 7\/01\/2013)<\/strong><\/div><\/div><\/div><\/div>\n<div class='avia-testimonial av_one_third flex_column no_margin avia-testimonial-row-1 ' ><div class='avia-testimonial_inner'  itemscope=\"itemscope\" itemtype=\"https:\/\/schema.org\/CreativeWork\" ><div class='avia-testimonial-content '  ><div class='avia-testimonial-markup-entry-content'  itemprop=\"text\" ><p style=\"text-align: justify;\">J\u2019accompagne ta plong\u00e9e dans la nouvelle ann\u00e9e de tous mes voeux de bonheur et de r\u00e9ussite!<\/p>\n<\/div><\/div><div class='avia-testimonial-meta'><div class='avia-testimonial-arrow-wrap'><div class='avia-arrow'><\/div><\/div><div class='avia-testimonial-meta-mini'  itemprop=\"author\" itemscope=\"itemscope\" itemtype=\"https:\/\/schema.org\/Person\" ><\/div><\/div><\/div><\/div>\n<div class='avia-testimonial av_one_third flex_column no_margin avia-testimonial-row-1 avia-last-testimonial' ><div class='avia-testimonial_inner'  itemscope=\"itemscope\" itemtype=\"https:\/\/schema.org\/CreativeWork\" ><div class='avia-testimonial-content '  ><div class='avia-testimonial-markup-entry-content'  itemprop=\"text\" ><p style=\"text-align: justify;\">Fulgurant d\u2019intelligence, de sensibilit\u00e9, de cr\u00e9ativit\u00e9 et folie ! Merci Martine pour ces cadeaux Avec toute mon amiti\u00e9<\/p>\n<\/div><\/div><div class='avia-testimonial-meta'><div class='avia-testimonial-arrow-wrap'><div class='avia-arrow'><\/div><\/div><div class='avia-testimonial-meta-mini'  itemprop=\"author\" itemscope=\"itemscope\" itemtype=\"https:\/\/schema.org\/Person\" ><strong  class='avia-testimonial-name'    itemprop=\"name\" >Christiane Giordiano<\/strong><\/div><\/div><\/div><\/div><\/section>\n<section class ='avia-testimonial-row'><div class='avia-testimonial av_one_third flex_column no_margin avia-testimonial-row-2 avia-first-testimonial' ><div class='avia-testimonial_inner'  itemscope=\"itemscope\" itemtype=\"https:\/\/schema.org\/CreativeWork\" ><div class='avia-testimonial-content '  ><div class='avia-testimonial-markup-entry-content'  itemprop=\"text\" ><p style=\"text-align: justify;\">J\u2019aime bien cette exposition artistique, une forme de cubisme qui a \u00e9volu\u00e9 vers le mouvement et une autre dimension.<\/p>\n<\/div><\/div><div class='avia-testimonial-meta'><div class='avia-testimonial-arrow-wrap'><div class='avia-arrow'><\/div><\/div><div class='avia-testimonial-meta-mini'  itemprop=\"author\" itemscope=\"itemscope\" itemtype=\"https:\/\/schema.org\/Person\" ><strong  class='avia-testimonial-name'    itemprop=\"name\" >Olivier G.<\/strong><\/div><\/div><\/div><\/div>\n<div class='avia-testimonial av_one_third flex_column no_margin avia-testimonial-row-2 ' ><div class='avia-testimonial_inner'  itemscope=\"itemscope\" itemtype=\"https:\/\/schema.org\/CreativeWork\" ><div class='avia-testimonial-content '  ><div class='avia-testimonial-markup-entry-content'  itemprop=\"text\" ><p style=\"text-align: justify;\">Des avancements, des messages, de l\u2019\u00e9motion. Il manque un peu de lumi\u00e8re et de couleur. Alors on va vers l\u2019espoir.<br \/>\nA bient\u00f4t le soleil, merci Martine.<\/p>\n<\/div><\/div><div class='avia-testimonial-meta'><div class='avia-testimonial-arrow-wrap'><div class='avia-arrow'><\/div><\/div><div class='avia-testimonial-meta-mini'  itemprop=\"author\" itemscope=\"itemscope\" itemtype=\"https:\/\/schema.org\/Person\" ><strong  class='avia-testimonial-name'    itemprop=\"name\" >Marie et Jean-Pierre<\/strong><\/div><\/div><\/div><\/div>\n<div class='avia-testimonial av_one_third flex_column no_margin avia-testimonial-row-2 avia-last-testimonial' ><div class='avia-testimonial_inner'  itemscope=\"itemscope\" itemtype=\"https:\/\/schema.org\/CreativeWork\" ><div class='avia-testimonial-content '  ><div class='avia-testimonial-markup-entry-content'  itemprop=\"text\" ><p style=\"text-align: justify;\">Quarante tableaux\u00a0: que d\u2019\u00e9motions, de vibrations. Voici une belle exposition qui nous transporte dans un \u00ab\u00a0tourbillon\u00a0\u00bb de \u00ab\u00a0Monde \u00e0 l\u2019envers\u00a0\u00bb, de \u00ab\u00a0Valse des vases\u00a0\u00bbtraversant des tunnels parfois angoissants jusqu\u2019\u00e0 l\u2019 \u00ab\u00a0Incandescence\u00a0\u00bb pour revenir au came et \u00e0 la s\u00e9r\u00e9nit\u00e9 de \u00ab\u00a0\u00e9vaporation\u00a0\u00bb ou encore \u00ab\u00a0Embarquement\u00a0\u00bb<br \/>\nBravo l\u2019artiste\u00a0!!!<\/p>\n<\/div><\/div><div class='avia-testimonial-meta'><div class='avia-testimonial-arrow-wrap'><div class='avia-arrow'><\/div><\/div><div class='avia-testimonial-meta-mini'  itemprop=\"author\" itemscope=\"itemscope\" itemtype=\"https:\/\/schema.org\/Person\" ><strong  class='avia-testimonial-name'    itemprop=\"name\" > Nadette<\/strong><\/div><\/div><\/div><\/div><\/section>\n<section class ='avia-testimonial-row'><div class='avia-testimonial av_one_third flex_column no_margin avia-testimonial-row-3 avia-first-testimonial' ><div class='avia-testimonial_inner'  itemscope=\"itemscope\" itemtype=\"https:\/\/schema.org\/CreativeWork\" ><div class='avia-testimonial-content '  ><div class='avia-testimonial-markup-entry-content'  itemprop=\"text\" ><p style=\"text-align: justify;\">Peintures tr\u00e8s int\u00e9ressantes qui viennent du \u00ab\u00a0profond\u00a0\u00bb de l\u2019\u00eatre et qui nous parlent\u2026.<br \/>\nF\u00e9licitations<br \/>\nR.F<br \/>\nFinesse et profondeur se c\u00f4toient dans un beau rythme\u00a0! Les couleurs et volumes invitent le spectateur \u00e0 voyager longuement dans vos tableaux.<br \/>\nJe vous souhaite plein de r\u00e9ussite.<\/p>\n<\/div><\/div><div class='avia-testimonial-meta'><div class='avia-testimonial-arrow-wrap'><div class='avia-arrow'><\/div><\/div><div class='avia-testimonial-meta-mini'  itemprop=\"author\" itemscope=\"itemscope\" itemtype=\"https:\/\/schema.org\/Person\" ><strong  class='avia-testimonial-name'    itemprop=\"name\" >M.<\/strong><\/div><\/div><\/div><\/div>\n<div class='avia-testimonial av_one_third flex_column no_margin avia-testimonial-row-3 ' ><div class='avia-testimonial_inner'  itemscope=\"itemscope\" itemtype=\"https:\/\/schema.org\/CreativeWork\" ><div class='avia-testimonial-content '  ><div class='avia-testimonial-markup-entry-content'  itemprop=\"text\" ><p style=\"text-align: justify;\">Am\u00e9lie\u2026 Martine\u2026.Un perp\u00e9tuel mouvement circulaire qui entra\u00eene l\u2019artiste du plus profond de la terre au firmament.<br \/>\nAm\u00e9lie\u2026.Martine\u2026.<br \/>\nQui est \u00ab\u00a0l\u2019ext\u00e9rieur\u00a0\u00bb\u00a0?<br \/>\nQui est \u00ab\u00a0l\u2019int\u00e9rieur\u00a0\u00bb\u00a0?<\/p>\n<\/div><\/div><div class='avia-testimonial-meta'><div class='avia-testimonial-arrow-wrap'><div class='avia-arrow'><\/div><\/div><div class='avia-testimonial-meta-mini'  itemprop=\"author\" itemscope=\"itemscope\" itemtype=\"https:\/\/schema.org\/Person\" ><strong  class='avia-testimonial-name'    itemprop=\"name\" >Jean<\/strong><\/div><\/div><\/div><\/div>\n<div class='avia-testimonial av_one_third flex_column no_margin avia-testimonial-row-3 avia-last-testimonial' ><div class='avia-testimonial_inner'  itemscope=\"itemscope\" itemtype=\"https:\/\/schema.org\/CreativeWork\" ><div class='avia-testimonial-content '  ><div class='avia-testimonial-markup-entry-content'  itemprop=\"text\" ><p style=\"text-align: justify;\">Merci Martine de cette lumi\u00e8re, de ce mouvement et de cette g\u00e9n\u00e9rosit\u00e9.<br \/>\nJe ne te connais pas beaucoup mais ta peinture te ressemble.<\/p>\n<\/div><\/div><div class='avia-testimonial-meta'><div class='avia-testimonial-arrow-wrap'><div class='avia-arrow'><\/div><\/div><div class='avia-testimonial-meta-mini'  itemprop=\"author\" itemscope=\"itemscope\" itemtype=\"https:\/\/schema.org\/Person\" ><strong  class='avia-testimonial-name'    itemprop=\"name\" >M.B.C.<\/strong><\/div><\/div><\/div><\/div><\/section>\n<section class ='avia-testimonial-row'><div class='avia-testimonial av_one_third flex_column no_margin avia-testimonial-row-4 avia-first-testimonial' ><div class='avia-testimonial_inner'  itemscope=\"itemscope\" itemtype=\"https:\/\/schema.org\/CreativeWork\" ><div class='avia-testimonial-content '  ><div class='avia-testimonial-markup-entry-content'  itemprop=\"text\" ><p style=\"text-align: justify;\">Martine et les toiles, le monde ouvert, offert\u2026.<br \/>\nMerci pour ces embarquements<\/p>\n<\/div><\/div><div class='avia-testimonial-meta'><div class='avia-testimonial-arrow-wrap'><div class='avia-arrow'><\/div><\/div><div class='avia-testimonial-meta-mini'  itemprop=\"author\" itemscope=\"itemscope\" itemtype=\"https:\/\/schema.org\/Person\" ><strong  class='avia-testimonial-name'    itemprop=\"name\" >Marie<\/strong><\/div><\/div><\/div><\/div>\n<div class='avia-testimonial av_one_third flex_column no_margin avia-testimonial-row-4 ' ><div class='avia-testimonial_inner'  itemscope=\"itemscope\" itemtype=\"https:\/\/schema.org\/CreativeWork\" ><div class='avia-testimonial-content '  ><div class='avia-testimonial-markup-entry-content'  itemprop=\"text\" ><p style=\"text-align: justify;\">\u00ab\u00a0Ce mot pour te remercier avant tout pour ton invitation. Mais surtout pour t&rsquo;\u00e9crire combien j&rsquo;ai pu reconna\u00eetre ce \u00ab\u00a0courage\u00a0\u00bb peut-\u00eatre, cette force sans doute, indissociables de toute v\u00e9ritable cr\u00e9ation. Mais un vernissage on le sait ne permet pas vraiment la solitude et la disponibilit\u00e9 n\u00e9cessaires \u00e0 une plus juste appr\u00e9ciation. Encore moins aux possibilit\u00e9s d&rsquo;en parler un peu. Je discutais, samedi soir, avec un artiste peintre qui ne percevait absolument pas, chez Fabienne Verdier, ce lien entre \u00e9criture et peinture (dont les chinois ont le secret&#8230;) et qui, moyennant quoi, la \u00ab\u00a0m\u00e9prisait\u00a0\u00bb un peu la reliant tout-de-go au versant mercantile de l&rsquo;art contemporain&#8230;Pourtant c&rsquo;est bien ce lien \u00e9criture-peinture qui implique le corps en excluant la forme (en tout cas elle ne peut venir, parfois en toute contingence, qu&rsquo;\u00e0 la fin&#8230;) qui fait tout le \u00ab\u00a0prix\u00a0\u00bb de ses cr\u00e9ations. Myst\u00e9rieuse dynamique, \u00e9nigmatique champ de forces. C&rsquo;est d&rsquo;un autre tour ce que tu mets en jeu dans ton propre atelier, il me semble. C&rsquo;est pourquoi j&rsquo;\u00e9cris \u00ab\u00a0force\u00a0\u00bb et \u00ab\u00a0courage\u00a0\u00bb car il me semble que c&rsquo;est l&rsquo;artiste lui-m\u00eame qui doit payer, dans ces cas, le \u00ab\u00a0prix\u00a0\u00bb de son \u00ab\u00a0\u0153uvre\u00a0\u00bb.\u2026<\/p>\n<\/div><\/div><div class='avia-testimonial-meta'><div class='avia-testimonial-arrow-wrap'><div class='avia-arrow'><\/div><\/div><div class='avia-testimonial-meta-mini'  itemprop=\"author\" itemscope=\"itemscope\" itemtype=\"https:\/\/schema.org\/Person\" ><strong  class='avia-testimonial-name'    itemprop=\"name\" >Jean-Claude Molinier (2019)<\/strong><\/div><\/div><\/div><\/div>\n<div class='avia-testimonial av_one_third flex_column no_margin avia-testimonial-row-4 avia-last-testimonial' ><div class='avia-testimonial_inner'  itemscope=\"itemscope\" itemtype=\"https:\/\/schema.org\/CreativeWork\" ><div class='avia-testimonial-content '  ><div class='avia-testimonial-markup-entry-content'  itemprop=\"text\" ><p style=\"text-align: justify;\">L\u2019embarquement, je l\u2019ai nomm\u00e9 ouverture\u2026.une ligne fuyante\u2026le d\u00e9sir\u2026la vie.<br \/>\nMerci<\/p>\n<\/div><\/div><div class='avia-testimonial-meta'><div class='avia-testimonial-arrow-wrap'><div class='avia-arrow'><\/div><\/div><div class='avia-testimonial-meta-mini'  itemprop=\"author\" itemscope=\"itemscope\" itemtype=\"https:\/\/schema.org\/Person\" ><strong  class='avia-testimonial-name'    itemprop=\"name\" >B.<\/strong><\/div><\/div><\/div><\/div><\/section>\n<\/div><\/div>\n","protected":false},"excerpt":{"rendered":"","protected":false},"author":2,"featured_media":0,"parent":0,"menu_order":0,"comment_status":"closed","ping_status":"closed","template":"","meta":[],"_links":{"self":[{"href":"https:\/\/martinebonamy.fr\/index.php?rest_route=\/wp\/v2\/pages\/1016"}],"collection":[{"href":"https:\/\/martinebonamy.fr\/index.php?rest_route=\/wp\/v2\/pages"}],"about":[{"href":"https:\/\/martinebonamy.fr\/index.php?rest_route=\/wp\/v2\/types\/page"}],"author":[{"embeddable":true,"href":"https:\/\/martinebonamy.fr\/index.php?rest_route=\/wp\/v2\/users\/2"}],"replies":[{"embeddable":true,"href":"https:\/\/martinebonamy.fr\/index.php?rest_route=%2Fwp%2Fv2%2Fcomments&post=1016"}],"version-history":[{"count":5,"href":"https:\/\/martinebonamy.fr\/index.php?rest_route=\/wp\/v2\/pages\/1016\/revisions"}],"predecessor-version":[{"id":1022,"href":"https:\/\/martinebonamy.fr\/index.php?rest_route=\/wp\/v2\/pages\/1016\/revisions\/1022"}],"wp:attachment":[{"href":"https:\/\/martinebonamy.fr\/index.php?rest_route=%2Fwp%2Fv2%2Fmedia&parent=1016"}],"curies":[{"name":"wp","href":"https:\/\/api.w.org\/{rel}","templated":true}]}}